{"id":6048,"date":"2021-01-24T16:26:39","date_gmt":"2021-01-24T16:26:39","guid":{"rendered":"https:\/\/robelbois.com\/checkout\/"},"modified":"2021-01-24T16:26:39","modified_gmt":"2021-01-24T16:26:39","slug":"checkout","status":"publish","type":"page","link":"https:\/\/robelbois.com\/en\/checkout\/","title":{"rendered":"Checkout"},"content":{"rendered":"<div class=\"woocommerce\"><\/div>\n","protected":false},"excerpt":{"rendered":"","protected":false},"author":1,"featured_media":0,"parent":0,"menu_order":0,"comment_status":"closed","ping_status":"closed","template":"","meta":{"footnotes":""},"class_list":["post-6048","page","type-page","status-publish","hentry"],"yoast_head":"<!-- This site is optimized with the Yoast SEO plugin v27.4 - https:\/\/yoast.com\/product\/yoast-seo-wordpress\/ -->\n<title>Robelbois &#8211; Checkout<\/title>\n<meta name=\"description\" content=\"Leader et r\u00e9f\u00e9rence depuis 1953 dans le domaine de l&#039;importation et distribution de bois, panneaux, t\u00f4les et mat\u00e9riaux de construction au Maroc.\" \/>\n<meta name=\"robots\" content=\"index, follow, max-snippet:-1, max-image-preview:large, max-video-preview:-1\" \/>\n<link rel=\"canonical\" href=\"https:\/\/robelbois.com\/en\/checkout\/\" \/>\n<meta property=\"og:locale\" content=\"en_US\" \/>\n<meta property=\"og:type\" content=\"article\" \/>\n<meta property=\"og:title\" content=\"Robelbois &#8211; Checkout\" \/>\n<meta property=\"og:description\" content=\"Leader et r\u00e9f\u00e9rence depuis 1953 dans le domaine de l&#039;importation et distribution de bois, panneaux, t\u00f4les et mat\u00e9riaux de construction au Maroc.\" \/>\n<meta property=\"og:url\" content=\"https:\/\/robelbois.com\/en\/checkout\/\" \/>\n<meta property=\"og:site_name\" content=\"Robelbois\" \/>\n<meta property=\"article:publisher\" content=\"https:\/\/www.facebook.com\/robelbois\/\" \/>\n<meta name=\"twitter:card\" content=\"summary_large_image\" \/>\n<meta name=\"twitter:site\" content=\"@robelbois\" \/>\n<script type=\"application\/ld+json\" class=\"yoast-schema-graph\">{\"@context\":\"https:\\\/\\\/schema.org\",\"@graph\":[{\"@type\":\"WebPage\",\"@id\":\"https:\\\/\\\/robelbois.com\\\/en\\\/checkout\\\/\",\"url\":\"https:\\\/\\\/robelbois.com\\\/en\\\/checkout\\\/\",\"name\":\"Robelbois &#8211; Checkout\",\"isPartOf\":{\"@id\":\"https:\\\/\\\/robelbois.com\\\/en\\\/#website\"},\"datePublished\":\"2021-01-24T16:26:39+00:00\",\"description\":\"Leader et r\u00e9f\u00e9rence depuis 1953 dans le domaine de l'importation et distribution de bois, panneaux, t\u00f4les et mat\u00e9riaux de construction au Maroc.\",\"breadcrumb\":{\"@id\":\"https:\\\/\\\/robelbois.com\\\/en\\\/checkout\\\/#breadcrumb\"},\"inLanguage\":\"en-US\",\"potentialAction\":[{\"@type\":\"ReadAction\",\"target\":[\"https:\\\/\\\/robelbois.com\\\/en\\\/checkout\\\/\"]}]},{\"@type\":\"BreadcrumbList\",\"@id\":\"https:\\\/\\\/robelbois.com\\\/en\\\/checkout\\\/#breadcrumb\",\"itemListElement\":[{\"@type\":\"ListItem\",\"position\":1,\"name\":\"Home\",\"item\":\"https:\\\/\\\/robelbois.com\\\/en\\\/\"},{\"@type\":\"ListItem\",\"position\":2,\"name\":\"Checkout\"}]},{\"@type\":\"WebSite\",\"@id\":\"https:\\\/\\\/robelbois.com\\\/en\\\/#website\",\"url\":\"https:\\\/\\\/robelbois.com\\\/en\\\/\",\"name\":\"Robelbois\",\"description\":\"\",\"publisher\":{\"@id\":\"https:\\\/\\\/robelbois.com\\\/en\\\/#organization\"},\"potentialAction\":[{\"@type\":\"SearchAction\",\"target\":{\"@type\":\"EntryPoint\",\"urlTemplate\":\"https:\\\/\\\/robelbois.com\\\/en\\\/?s={search_term_string}\"},\"query-input\":{\"@type\":\"PropertyValueSpecification\",\"valueRequired\":true,\"valueName\":\"search_term_string\"}}],\"inLanguage\":\"en-US\"},{\"@type\":\"Organization\",\"@id\":\"https:\\\/\\\/robelbois.com\\\/en\\\/#organization\",\"name\":\"Robelbois\",\"url\":\"https:\\\/\\\/robelbois.com\\\/en\\\/\",\"logo\":{\"@type\":\"ImageObject\",\"inLanguage\":\"en-US\",\"@id\":\"https:\\\/\\\/robelbois.com\\\/en\\\/#\\\/schema\\\/logo\\\/image\\\/\",\"url\":\"https:\\\/\\\/robelbois.com\\\/wp-content\\\/uploads\\\/Robelbois-logo.png\",\"contentUrl\":\"https:\\\/\\\/robelbois.com\\\/wp-content\\\/uploads\\\/Robelbois-logo.png\",\"width\":2334,\"height\":1505,\"caption\":\"Robelbois\"},\"image\":{\"@id\":\"https:\\\/\\\/robelbois.com\\\/en\\\/#\\\/schema\\\/logo\\\/image\\\/\"},\"sameAs\":[\"https:\\\/\\\/www.facebook.com\\\/robelbois\\\/\",\"https:\\\/\\\/x.com\\\/robelbois\",\"https:\\\/\\\/www.instagram.com\\\/robelbois_\",\"https:\\\/\\\/linkedin.com\\\/company\\\/robelbois\"]}]}<\/script>\n<!-- \/ Yoast SEO plugin. -->","yoast_head_json":{"title":"Robelbois &#8211; Checkout","description":"Leader et r\u00e9f\u00e9rence depuis 1953 dans le domaine de l'importation et distribution de bois, panneaux, t\u00f4les et mat\u00e9riaux de construction au Maroc.","robots":{"index":"index","follow":"follow","max-snippet":"max-snippet:-1","max-image-preview":"max-image-preview:large","max-video-preview":"max-video-preview:-1"},"canonical":"https:\/\/robelbois.com\/en\/checkout\/","og_locale":"en_US","og_type":"article","og_title":"Robelbois &#8211; Checkout","og_description":"Leader et r\u00e9f\u00e9rence depuis 1953 dans le domaine de l'importation et distribution de bois, panneaux, t\u00f4les et mat\u00e9riaux de construction au Maroc.","og_url":"https:\/\/robelbois.com\/en\/checkout\/","og_site_name":"Robelbois","article_publisher":"https:\/\/www.facebook.com\/robelbois\/","twitter_card":"summary_large_image","twitter_site":"@robelbois","schema":{"@context":"https:\/\/schema.org","@graph":[{"@type":"WebPage","@id":"https:\/\/robelbois.com\/en\/checkout\/","url":"https:\/\/robelbois.com\/en\/checkout\/","name":"Robelbois &#8211; Checkout","isPartOf":{"@id":"https:\/\/robelbois.com\/en\/#website"},"datePublished":"2021-01-24T16:26:39+00:00","description":"Leader et r\u00e9f\u00e9rence depuis 1953 dans le domaine de l'importation et distribution de bois, panneaux, t\u00f4les et mat\u00e9riaux de construction au Maroc.","breadcrumb":{"@id":"https:\/\/robelbois.com\/en\/checkout\/#breadcrumb"},"inLanguage":"en-US","potentialAction":[{"@type":"ReadAction","target":["https:\/\/robelbois.com\/en\/checkout\/"]}]},{"@type":"BreadcrumbList","@id":"https:\/\/robelbois.com\/en\/checkout\/#breadcrumb","itemListElement":[{"@type":"ListItem","position":1,"name":"Home","item":"https:\/\/robelbois.com\/en\/"},{"@type":"ListItem","position":2,"name":"Checkout"}]},{"@type":"WebSite","@id":"https:\/\/robelbois.com\/en\/#website","url":"https:\/\/robelbois.com\/en\/","name":"Robelbois","description":"","publisher":{"@id":"https:\/\/robelbois.com\/en\/#organization"},"potentialAction":[{"@type":"SearchAction","target":{"@type":"EntryPoint","urlTemplate":"https:\/\/robelbois.com\/en\/?s={search_term_string}"},"query-input":{"@type":"PropertyValueSpecification","valueRequired":true,"valueName":"search_term_string"}}],"inLanguage":"en-US"},{"@type":"Organization","@id":"https:\/\/robelbois.com\/en\/#organization","name":"Robelbois","url":"https:\/\/robelbois.com\/en\/","logo":{"@type":"ImageObject","inLanguage":"en-US","@id":"https:\/\/robelbois.com\/en\/#\/schema\/logo\/image\/","url":"https:\/\/robelbois.com\/wp-content\/uploads\/Robelbois-logo.png","contentUrl":"https:\/\/robelbois.com\/wp-content\/uploads\/Robelbois-logo.png","width":2334,"height":1505,"caption":"Robelbois"},"image":{"@id":"https:\/\/robelbois.com\/en\/#\/schema\/logo\/image\/"},"sameAs":["https:\/\/www.facebook.com\/robelbois\/","https:\/\/x.com\/robelbois","https:\/\/www.instagram.com\/robelbois_","https:\/\/linkedin.com\/company\/robelbois"]}]}},"_links":{"self":[{"href":"https:\/\/robelbois.com\/en\/wp-json\/wp\/v2\/pages\/6048","targetHints":{"allow":["GET"]}}],"collection":[{"href":"https:\/\/robelbois.com\/en\/wp-json\/wp\/v2\/pages"}],"about":[{"href":"https:\/\/robelbois.com\/en\/wp-json\/wp\/v2\/types\/page"}],"author":[{"embeddable":true,"href":"https:\/\/robelbois.com\/en\/wp-json\/wp\/v2\/users\/1"}],"replies":[{"embeddable":true,"href":"https:\/\/robelbois.com\/en\/wp-json\/wp\/v2\/comments?post=6048"}],"version-history":[{"count":0,"href":"https:\/\/robelbois.com\/en\/wp-json\/wp\/v2\/pages\/6048\/revisions"}],"wp:attachment":[{"href":"https:\/\/robelbois.com\/en\/wp-json\/wp\/v2\/media?parent=6048"}],"curies":[{"name":"wp","href":"https:\/\/api.w.org\/{rel}","templated":true}]}}