{"id":12446,"date":"2025-11-11T11:30:59","date_gmt":"2025-11-11T11:30:59","guid":{"rendered":"https:\/\/robelbois.com\/produits\/uncategorized\/veneered-mdf\/"},"modified":"2025-11-11T14:30:48","modified_gmt":"2025-11-11T14:30:48","slug":"veneered-mdf","status":"publish","type":"product","link":"https:\/\/robelbois.com\/en\/produits\/panels-en\/veneered-mdf\/","title":{"rendered":"VENEERED MDF"},"content":{"rendered":"<div class=\"row row-small align-equal row-divided\"  id=\"row-990656997\">\n\n\t<div id=\"col-1360187830\" class=\"col medium-4 small-12 large-4\"  >\n\t\t\t\t<div class=\"col-inner\"  >\n\t\t\t\n\t\t\t\n<p><strong>ORIGINS<\/strong><br \/>\nMorocco, Portugal &amp; Greece<\/p>\n<div class=\"wpb_text_column wpb_content_element\">\n<div class=\"wpb_wrapper\">\n<div class=\"info portfolio_custom_field\"><strong>FINISHES<\/strong><br \/>\nSawn Oak<br \/>\nRed Oak<br \/>\nRustic Oak<br \/>\nWhite Beech<br \/>\nWalnut<\/div>\n<\/div>\n<\/div>\n\t\t<\/div>\n\t\t\t\t\n<style>\n#col-1360187830 > .col-inner {\n  padding: 0px 0px 0px 0px;\n}\n<\/style>\n\t<\/div>\n\n\t\n\n\t<div id=\"col-817189812\" class=\"col medium-4 small-12 large-4\"  >\n\t\t\t\t<div class=\"col-inner\"  >\n\t\t\t\n\t\t\t\n<div class=\"wpb_text_column wpb_content_element\">\n<div class=\"wpb_wrapper\">\n<div class=\"info portfolio_custom_field\"><strong>SIZES (mm)*<\/strong><br \/>\n2440 X 1220<br \/>\n2750 X 1830<br \/>\n3050 X 1830<\/div>\n<\/div>\n<\/div>\n<p>&nbsp;<\/p>\n<p><strong>THICKNESSES (mm)*<\/strong><br \/>\n7 \/ 15,5 \/ 16,5 \/ 17<\/p>\n<p><span style=\"font-size: 75%;\"><em>*Other sizes and thicknesses available on request.<br \/>\n<\/em><\/span><\/p>\n\t\t<\/div>\n\t\t\t\t\n<style>\n#col-817189812 > .col-inner {\n  padding: 0px 0px 0px 0px;\n}\n<\/style>\n\t<\/div>\n\n\t\n\n\t<div id=\"col-1121262179\" class=\"col medium-4 small-12 large-4\"  >\n\t\t\t\t<div class=\"col-inner\"  >\n\t\t\t\n\t\t\t\n<div class=\"wpb_text_column wpb_content_element\">\n<div class=\"wpb_wrapper\">\n<div class=\"info portfolio_custom_field\"><strong>FEATURES<\/strong><br \/>\nEasy to use<br \/>\nVersatile<\/div>\n<\/div>\n<\/div>\n<div><\/div>\n<div><\/div>\n<div><\/div>\n<div class=\"wpb_text_column wpb_content_element\">\n<div class=\"wpb_wrapper\">\n<div class=\"info portfolio_custom_field\"><strong>USES<\/strong><br \/>\nKitchens, bathrooms, interior design, offices &amp; education, sports &amp; leisure, hospitality &amp; restaurants, health &amp; beauty, retail &amp; public spaces, stands &amp; partitions, doors<\/div>\n<\/div>\n<\/div>\n\t\t<\/div>\n\t\t\t\t\n<style>\n#col-1121262179 > .col-inner {\n  padding: 0px 0px 0px 0px;\n}\n<\/style>\n\t<\/div>\n\n\t\n<\/div>\n<p>&nbsp;<\/p>\n<div class=\"container section-title-container\" ><h3 class=\"section-title section-title-center\"><b><\/b><span class=\"section-title-main\" >Brands<\/span><b><\/b><\/h3><\/div>\n<div>\n<p class=\"p1\"><div class=\"row align-middle align-center hide-for-small\"  id=\"row-2099256430\">\n<p class=\"p1\">\n\t<div id=\"col-964554908\" class=\"col small-12 large-12\"  >\n\t\t\t\t<div class=\"col-inner text-center\"  >\n\t\t\t\n\t\t\t\n<p class=\"p1\"><div class=\"ux-logo has-hover align-middle ux_logo inline-block\" style=\"max-width: 100%!important; width: 165.55555555556px!important\"><div class=\"ux-logo-link block image-\" title=\"\" href=\"\" style=\"padding: 15px;\"><picture><source srcset=\"https:\/\/robelbois.com\/wp-content\/webp-express\/webp-images\/doc-root\/wp-content\/uploads\/sonae-arauco-logo-FT.png.webp\" type=\"image\/webp\"><img decoding=\"async\" src=\"https:\/\/robelbois.com\/wp-content\/uploads\/sonae-arauco-logo-FT.png\" title=\"\" alt=\"\" class=\"ux-logo-image block webpexpress-processed\" style=\"height:80px;\"><\/picture><\/div><\/div>\n<div class=\"ux-logo has-hover align-middle ux_logo inline-block\" style=\"max-width: 100%!important; width: 255.07462686567px!important\"><div class=\"ux-logo-link block image-\" title=\"\" href=\"\" style=\"padding: 15px;\"><picture><source srcset=\"https:\/\/robelbois.com\/wp-content\/webp-express\/webp-images\/doc-root\/wp-content\/uploads\/CEMA-LOGO-ACTUEL.png.webp\" type=\"image\/webp\"><img decoding=\"async\" src=\"https:\/\/robelbois.com\/wp-content\/uploads\/CEMA-LOGO-ACTUEL.png\" title=\"\" alt=\"\" class=\"ux-logo-image block webpexpress-processed\" style=\"height:80px;\"><\/picture><\/div><\/div>\n<div class=\"ux-logo has-hover align-middle ux_logo inline-block\" style=\"max-width: 100%!important; width: 157.10280373832px!important\"><div class=\"ux-logo-link block image-\" title=\"\" href=\"\" style=\"padding: 15px;\"><picture><source srcset=\"https:\/\/robelbois.com\/wp-content\/webp-express\/webp-images\/doc-root\/wp-content\/uploads\/alfa-wood-group-logo.png.webp\" type=\"image\/webp\"><img decoding=\"async\" src=\"https:\/\/robelbois.com\/wp-content\/uploads\/alfa-wood-group-logo.png\" title=\"\" alt=\"\" class=\"ux-logo-image block webpexpress-processed\" style=\"height:80px;\"><\/picture><\/div><\/div>\n<p class=\"p1\">\t\t<\/div>\n\t\t\t\t\n<style>\n#col-964554908 > .col-inner {\n  padding: 40px 0px 0px 0px;\n}\n<\/style>\n\t<\/div>\n\n\t\n<p class=\"p1\"><\/div>\n<div class=\"row align-middle align-center show-for-small\"  id=\"row-1976518640\">\n<p class=\"p1\">\n\t<div id=\"col-672850203\" class=\"col small-12 large-12\"  >\n\t\t\t\t<div class=\"col-inner text-center\"  >\n\t\t\t\n\t\t\t\n<p class=\"p1\"><div class=\"ux-logo has-hover align-middle ux_logo inline-block\" style=\"max-width: 100%!important; width: 97.777777777778px!important\"><div class=\"ux-logo-link block image-\" title=\"\" href=\"\" style=\"padding: 15px;\"><picture><source srcset=\"https:\/\/robelbois.com\/wp-content\/webp-express\/webp-images\/doc-root\/wp-content\/uploads\/sonae-arauco-logo-FT.png.webp\" type=\"image\/webp\"><img decoding=\"async\" src=\"https:\/\/robelbois.com\/wp-content\/uploads\/sonae-arauco-logo-FT.png\" title=\"\" alt=\"\" class=\"ux-logo-image block webpexpress-processed\" style=\"height:40px;\"><\/picture><\/div><\/div>\n<div class=\"ux-logo has-hover align-middle ux_logo inline-block\" style=\"max-width: 100%!important; width: 142.53731343284px!important\"><div class=\"ux-logo-link block image-\" title=\"\" href=\"\" style=\"padding: 15px;\"><picture><source srcset=\"https:\/\/robelbois.com\/wp-content\/webp-express\/webp-images\/doc-root\/wp-content\/uploads\/CEMA-LOGO-ACTUEL.png.webp\" type=\"image\/webp\"><img decoding=\"async\" src=\"https:\/\/robelbois.com\/wp-content\/uploads\/CEMA-LOGO-ACTUEL.png\" title=\"\" alt=\"\" class=\"ux-logo-image block webpexpress-processed\" style=\"height:40px;\"><\/picture><\/div><\/div>\n<div class=\"ux-logo has-hover align-middle ux_logo inline-block\" style=\"max-width: 100%!important; width: 93.551401869159px!important\"><div class=\"ux-logo-link block image-\" title=\"\" href=\"\" style=\"padding: 15px;\"><picture><source srcset=\"https:\/\/robelbois.com\/wp-content\/webp-express\/webp-images\/doc-root\/wp-content\/uploads\/alfa-wood-group-logo.png.webp\" type=\"image\/webp\"><img decoding=\"async\" src=\"https:\/\/robelbois.com\/wp-content\/uploads\/alfa-wood-group-logo.png\" title=\"\" alt=\"\" class=\"ux-logo-image block webpexpress-processed\" style=\"height:40px;\"><\/picture><\/div><\/div>\n<p class=\"p1\">\t\t<\/div>\n\t\t\t\t\n<style>\n#col-672850203 > .col-inner {\n  padding: 40px 0px 0px 0px;\n}\n<\/style>\n\t<\/div>\n\n\t\n<p class=\"p1\"><\/div>\n<\/div>\n\t<div id=\"gap-1725049970\" class=\"gap-element clearfix\" style=\"display:block; height:auto;\">\n\t\t\n<style>\n#gap-1725049970 {\n  padding-top: 50px;\n}\n<\/style>\n\t<\/div>\n\t\n<div class=\"row\"  id=\"row-2126356317\">\n\n\t<div id=\"col-758140727\" class=\"col small-12 large-12\"  >\n\t\t\t\t<div class=\"col-inner\"  >\n\t\t\t\n\t\t\t\n\t\t<\/div>\n\t\t\t\t\n<style>\n#col-758140727 > .col-inner {\n  margin: 0px -30px 0px -31px;\n}\n<\/style>\n\t<\/div>\n\n\t\n<\/div>\n\t<div id=\"gap-2077887825\" class=\"gap-element clearfix\" style=\"display:block; height:auto;\">\n\t\t\n<style>\n#gap-2077887825 {\n  padding-top: 20px;\n}\n<\/style>\n\t<\/div>\n\t\n","protected":false},"excerpt":{"rendered":"<p>Veneered MDF panels combine the authenticity of natural wood with the precision of a stable and durable technical substrate. Offering the look and texture of solid wood, they guarantee excellent dimensional consistency and a high-quality finish. Ideal for interior design, furniture, and joinery, they combine performance, aesthetics, and cost-effectiveness for demanding professional projects.<\/p>\n","protected":false},"featured_media":12453,"template":"","meta":[],"class_list":["post-12446","product","type-product","status-publish","has-post-thumbnail","hentry","product_cat-panels-en"],"yoast_head":"<!-- This site is optimized with the Yoast SEO plugin v27.3 - https:\/\/yoast.com\/product\/yoast-seo-wordpress\/ -->\n<title>Robelbois &#8211; VENEERED MDF<\/title>\n<meta name=\"description\" content=\"Leader et r\u00e9f\u00e9rence depuis 1953 dans le domaine de l&#039;importation et distribution de bois, panneaux, t\u00f4les et mat\u00e9riaux de construction au Maroc.\" \/>\n<meta name=\"robots\" content=\"index, follow, max-snippet:-1, max-image-preview:large, max-video-preview:-1\" \/>\n<link rel=\"canonical\" href=\"https:\/\/robelbois.com\/en\/produits\/panels-en\/veneered-mdf\/\" \/>\n<meta property=\"og:locale\" content=\"en_US\" \/>\n<meta property=\"og:type\" content=\"article\" \/>\n<meta property=\"og:title\" content=\"Robelbois &#8211; VENEERED MDF\" \/>\n<meta property=\"og:description\" content=\"Leader et r\u00e9f\u00e9rence depuis 1953 dans le domaine de l&#039;importation et distribution de bois, panneaux, t\u00f4les et mat\u00e9riaux de construction au Maroc.\" \/>\n<meta property=\"og:url\" content=\"https:\/\/robelbois.com\/en\/produits\/panels-en\/veneered-mdf\/\" \/>\n<meta property=\"og:site_name\" content=\"Robelbois\" \/>\n<meta property=\"article:publisher\" content=\"https:\/\/www.facebook.com\/robelbois\/\" \/>\n<meta property=\"article:modified_time\" content=\"2025-11-11T14:30:48+00:00\" \/>\n<meta property=\"og:image\" content=\"https:\/\/robelbois.com\/wp-content\/uploads\/mdf-replaque-noyer-1.png\" \/>\n\t<meta property=\"og:image:width\" content=\"525\" \/>\n\t<meta property=\"og:image:height\" content=\"525\" \/>\n\t<meta property=\"og:image:type\" content=\"image\/png\" \/>\n<meta name=\"twitter:card\" content=\"summary_large_image\" \/>\n<meta name=\"twitter:site\" content=\"@robelbois\" \/>\n<meta name=\"twitter:label1\" content=\"Est. reading time\" \/>\n\t<meta name=\"twitter:data1\" content=\"1 minute\" \/>\n<script type=\"application\/ld+json\" class=\"yoast-schema-graph\">{\"@context\":\"https:\\\/\\\/schema.org\",\"@graph\":[{\"@type\":\"WebPage\",\"@id\":\"https:\\\/\\\/robelbois.com\\\/en\\\/produits\\\/panels-en\\\/veneered-mdf\\\/\",\"url\":\"https:\\\/\\\/robelbois.com\\\/en\\\/produits\\\/panels-en\\\/veneered-mdf\\\/\",\"name\":\"Robelbois &#8211; VENEERED MDF\",\"isPartOf\":{\"@id\":\"https:\\\/\\\/robelbois.com\\\/en\\\/#website\"},\"primaryImageOfPage\":{\"@id\":\"https:\\\/\\\/robelbois.com\\\/en\\\/produits\\\/panels-en\\\/veneered-mdf\\\/#primaryimage\"},\"image\":{\"@id\":\"https:\\\/\\\/robelbois.com\\\/en\\\/produits\\\/panels-en\\\/veneered-mdf\\\/#primaryimage\"},\"thumbnailUrl\":\"https:\\\/\\\/robelbois.com\\\/wp-content\\\/uploads\\\/mdf-replaque-noyer-1.png\",\"datePublished\":\"2025-11-11T11:30:59+00:00\",\"dateModified\":\"2025-11-11T14:30:48+00:00\",\"description\":\"Leader et r\u00e9f\u00e9rence depuis 1953 dans le domaine de l'importation et distribution de bois, panneaux, t\u00f4les et mat\u00e9riaux de construction au Maroc.\",\"breadcrumb\":{\"@id\":\"https:\\\/\\\/robelbois.com\\\/en\\\/produits\\\/panels-en\\\/veneered-mdf\\\/#breadcrumb\"},\"inLanguage\":\"en-US\",\"potentialAction\":[{\"@type\":\"ReadAction\",\"target\":[\"https:\\\/\\\/robelbois.com\\\/en\\\/produits\\\/panels-en\\\/veneered-mdf\\\/\"]}]},{\"@type\":\"ImageObject\",\"inLanguage\":\"en-US\",\"@id\":\"https:\\\/\\\/robelbois.com\\\/en\\\/produits\\\/panels-en\\\/veneered-mdf\\\/#primaryimage\",\"url\":\"https:\\\/\\\/robelbois.com\\\/wp-content\\\/uploads\\\/mdf-replaque-noyer-1.png\",\"contentUrl\":\"https:\\\/\\\/robelbois.com\\\/wp-content\\\/uploads\\\/mdf-replaque-noyer-1.png\",\"width\":525,\"height\":525},{\"@type\":\"BreadcrumbList\",\"@id\":\"https:\\\/\\\/robelbois.com\\\/en\\\/produits\\\/panels-en\\\/veneered-mdf\\\/#breadcrumb\",\"itemListElement\":[{\"@type\":\"ListItem\",\"position\":1,\"name\":\"Home\",\"item\":\"https:\\\/\\\/robelbois.com\\\/en\\\/\"},{\"@type\":\"ListItem\",\"position\":2,\"name\":\"Produits\",\"item\":\"https:\\\/\\\/robelbois.com\\\/produits\\\/\"},{\"@type\":\"ListItem\",\"position\":3,\"name\":\"VENEERED MDF\"}]},{\"@type\":\"WebSite\",\"@id\":\"https:\\\/\\\/robelbois.com\\\/en\\\/#website\",\"url\":\"https:\\\/\\\/robelbois.com\\\/en\\\/\",\"name\":\"Robelbois\",\"description\":\"\",\"publisher\":{\"@id\":\"https:\\\/\\\/robelbois.com\\\/en\\\/#organization\"},\"potentialAction\":[{\"@type\":\"SearchAction\",\"target\":{\"@type\":\"EntryPoint\",\"urlTemplate\":\"https:\\\/\\\/robelbois.com\\\/en\\\/?s={search_term_string}\"},\"query-input\":{\"@type\":\"PropertyValueSpecification\",\"valueRequired\":true,\"valueName\":\"search_term_string\"}}],\"inLanguage\":\"en-US\"},{\"@type\":\"Organization\",\"@id\":\"https:\\\/\\\/robelbois.com\\\/en\\\/#organization\",\"name\":\"Robelbois\",\"url\":\"https:\\\/\\\/robelbois.com\\\/en\\\/\",\"logo\":{\"@type\":\"ImageObject\",\"inLanguage\":\"en-US\",\"@id\":\"https:\\\/\\\/robelbois.com\\\/en\\\/#\\\/schema\\\/logo\\\/image\\\/\",\"url\":\"https:\\\/\\\/robelbois.com\\\/wp-content\\\/uploads\\\/Robelbois-logo.png\",\"contentUrl\":\"https:\\\/\\\/robelbois.com\\\/wp-content\\\/uploads\\\/Robelbois-logo.png\",\"width\":2334,\"height\":1505,\"caption\":\"Robelbois\"},\"image\":{\"@id\":\"https:\\\/\\\/robelbois.com\\\/en\\\/#\\\/schema\\\/logo\\\/image\\\/\"},\"sameAs\":[\"https:\\\/\\\/www.facebook.com\\\/robelbois\\\/\",\"https:\\\/\\\/x.com\\\/robelbois\",\"https:\\\/\\\/www.instagram.com\\\/robelbois_\",\"https:\\\/\\\/linkedin.com\\\/company\\\/robelbois\"]}]}<\/script>\n<!-- \/ Yoast SEO plugin. -->","yoast_head_json":{"title":"Robelbois &#8211; VENEERED MDF","description":"Leader et r\u00e9f\u00e9rence depuis 1953 dans le domaine de l'importation et distribution de bois, panneaux, t\u00f4les et mat\u00e9riaux de construction au Maroc.","robots":{"index":"index","follow":"follow","max-snippet":"max-snippet:-1","max-image-preview":"max-image-preview:large","max-video-preview":"max-video-preview:-1"},"canonical":"https:\/\/robelbois.com\/en\/produits\/panels-en\/veneered-mdf\/","og_locale":"en_US","og_type":"article","og_title":"Robelbois &#8211; VENEERED MDF","og_description":"Leader et r\u00e9f\u00e9rence depuis 1953 dans le domaine de l'importation et distribution de bois, panneaux, t\u00f4les et mat\u00e9riaux de construction au Maroc.","og_url":"https:\/\/robelbois.com\/en\/produits\/panels-en\/veneered-mdf\/","og_site_name":"Robelbois","article_publisher":"https:\/\/www.facebook.com\/robelbois\/","article_modified_time":"2025-11-11T14:30:48+00:00","og_image":[{"width":525,"height":525,"url":"https:\/\/robelbois.com\/wp-content\/uploads\/mdf-replaque-noyer-1.png","type":"image\/png"}],"twitter_card":"summary_large_image","twitter_site":"@robelbois","twitter_misc":{"Est. reading time":"1 minute"},"schema":{"@context":"https:\/\/schema.org","@graph":[{"@type":"WebPage","@id":"https:\/\/robelbois.com\/en\/produits\/panels-en\/veneered-mdf\/","url":"https:\/\/robelbois.com\/en\/produits\/panels-en\/veneered-mdf\/","name":"Robelbois &#8211; VENEERED MDF","isPartOf":{"@id":"https:\/\/robelbois.com\/en\/#website"},"primaryImageOfPage":{"@id":"https:\/\/robelbois.com\/en\/produits\/panels-en\/veneered-mdf\/#primaryimage"},"image":{"@id":"https:\/\/robelbois.com\/en\/produits\/panels-en\/veneered-mdf\/#primaryimage"},"thumbnailUrl":"https:\/\/robelbois.com\/wp-content\/uploads\/mdf-replaque-noyer-1.png","datePublished":"2025-11-11T11:30:59+00:00","dateModified":"2025-11-11T14:30:48+00:00","description":"Leader et r\u00e9f\u00e9rence depuis 1953 dans le domaine de l'importation et distribution de bois, panneaux, t\u00f4les et mat\u00e9riaux de construction au Maroc.","breadcrumb":{"@id":"https:\/\/robelbois.com\/en\/produits\/panels-en\/veneered-mdf\/#breadcrumb"},"inLanguage":"en-US","potentialAction":[{"@type":"ReadAction","target":["https:\/\/robelbois.com\/en\/produits\/panels-en\/veneered-mdf\/"]}]},{"@type":"ImageObject","inLanguage":"en-US","@id":"https:\/\/robelbois.com\/en\/produits\/panels-en\/veneered-mdf\/#primaryimage","url":"https:\/\/robelbois.com\/wp-content\/uploads\/mdf-replaque-noyer-1.png","contentUrl":"https:\/\/robelbois.com\/wp-content\/uploads\/mdf-replaque-noyer-1.png","width":525,"height":525},{"@type":"BreadcrumbList","@id":"https:\/\/robelbois.com\/en\/produits\/panels-en\/veneered-mdf\/#breadcrumb","itemListElement":[{"@type":"ListItem","position":1,"name":"Home","item":"https:\/\/robelbois.com\/en\/"},{"@type":"ListItem","position":2,"name":"Produits","item":"https:\/\/robelbois.com\/produits\/"},{"@type":"ListItem","position":3,"name":"VENEERED MDF"}]},{"@type":"WebSite","@id":"https:\/\/robelbois.com\/en\/#website","url":"https:\/\/robelbois.com\/en\/","name":"Robelbois","description":"","publisher":{"@id":"https:\/\/robelbois.com\/en\/#organization"},"potentialAction":[{"@type":"SearchAction","target":{"@type":"EntryPoint","urlTemplate":"https:\/\/robelbois.com\/en\/?s={search_term_string}"},"query-input":{"@type":"PropertyValueSpecification","valueRequired":true,"valueName":"search_term_string"}}],"inLanguage":"en-US"},{"@type":"Organization","@id":"https:\/\/robelbois.com\/en\/#organization","name":"Robelbois","url":"https:\/\/robelbois.com\/en\/","logo":{"@type":"ImageObject","inLanguage":"en-US","@id":"https:\/\/robelbois.com\/en\/#\/schema\/logo\/image\/","url":"https:\/\/robelbois.com\/wp-content\/uploads\/Robelbois-logo.png","contentUrl":"https:\/\/robelbois.com\/wp-content\/uploads\/Robelbois-logo.png","width":2334,"height":1505,"caption":"Robelbois"},"image":{"@id":"https:\/\/robelbois.com\/en\/#\/schema\/logo\/image\/"},"sameAs":["https:\/\/www.facebook.com\/robelbois\/","https:\/\/x.com\/robelbois","https:\/\/www.instagram.com\/robelbois_","https:\/\/linkedin.com\/company\/robelbois"]}]}},"_links":{"self":[{"href":"https:\/\/robelbois.com\/en\/wp-json\/wp\/v2\/product\/12446","targetHints":{"allow":["GET"]}}],"collection":[{"href":"https:\/\/robelbois.com\/en\/wp-json\/wp\/v2\/product"}],"about":[{"href":"https:\/\/robelbois.com\/en\/wp-json\/wp\/v2\/types\/product"}],"wp:featuredmedia":[{"embeddable":true,"href":"https:\/\/robelbois.com\/en\/wp-json\/wp\/v2\/media\/12453"}],"wp:attachment":[{"href":"https:\/\/robelbois.com\/en\/wp-json\/wp\/v2\/media?parent=12446"}],"curies":[{"name":"wp","href":"https:\/\/api.w.org\/{rel}","templated":true}]}}